{"id":3276,"date":"2025-01-31T16:21:52","date_gmt":"2025-01-31T19:21:52","guid":{"rendered":"https:\/\/igrejafamilialimeira.com.br\/site\/?page_id=3276"},"modified":"2025-05-29T16:22:49","modified_gmt":"2025-05-29T19:22:49","slug":"onmove","status":"publish","type":"page","link":"https:\/\/igrejafamilialimeira.com.br\/site\/onmove\/","title":{"rendered":"OnMove"},"content":{"rendered":"\t\t<div data-elementor-type=\"wp-page\" data-elementor-id=\"3276\" class=\"elementor elementor-3276\" data-elementor-post-type=\"page\">\n\t\t\t\t<div class=\"elementor-element elementor-element-e0d6487 e-flex e-con-boxed e-con e-parent\" data-id=\"e0d6487\" data-element_type=\"container\" data-e-type=\"container\">\n\t\t\t\t\t<div class=\"e-con-inner\">\n\t\t\t\t<div class=\"elementor-element elementor-element-459e41f elementor-widget elementor-widget-heading\" data-id=\"459e41f\" data-element_type=\"widget\" data-e-type=\"widget\" data-widget_type=\"heading.default\">\n\t\t\t\t<div class=\"elementor-widget-container\">\n\t\t\t\t\t<h2 class=\"elementor-heading-title elementor-size-default\">OnMove \u2013 O Culto de Jovens da Igreja 100% Fam\u00edlia<\/h2>\t\t\t\t<\/div>\n\t\t\t\t<\/div>\n\t\t\t\t<div class=\"elementor-element elementor-element-5b98e4b elementor-widget elementor-widget-text-editor\" data-id=\"5b98e4b\" data-element_type=\"widget\" data-e-type=\"widget\" data-widget_type=\"text-editor.default\">\n\t\t\t\t<div class=\"elementor-widget-container\">\n\t\t\t\t\t\t\t\t\t<p>O OnMove \u00e9 o culto de jovens da Igreja 100% Fam\u00edlia, realizado todas as sextas-feiras \u00e0s 19h30. Sob a lideran\u00e7a de Gabi e Davi Quintana, esse \u00e9 um tempo especial de louvor, adora\u00e7\u00e3o e palavra, voltado para uma gera\u00e7\u00e3o que deseja viver o prop\u00f3sito de Deus com intensidade e paix\u00e3o.<\/p><p>Com uma atmosfera vibrante e cheia do Esp\u00edrito Santo, o OnMove \u00e9 mais do que uma reuni\u00e3o\u2014\u00e9 um movimento! Jovens se re\u00fanem para crescer na f\u00e9, se conectar com outros\u00a0 jovens e serem impactados pela presen\u00e7a de Deus.<\/p><p>Se voc\u00ea busca um lugar onde possa se fortalecer espiritualmente, fazer novas amizades e mergulhar mais fundo no relacionamento com Deus, o OnMove \u00e9 para voc\u00ea!<\/p><p>\ud83d\udccd <strong>Quando?<\/strong> Todo s\u00e1bado \u00e0s 20h30<br \/>\ud83d\udccd <strong>Onde?<\/strong> Igreja 100% Fam\u00edlia (Rua Ant\u00f4nio Colin Filho, 28 &#8211; Jd. Guimar\u00e3es, Limeira\/SP)<\/p><p>Venha fazer parte desse mover e descubra o que Deus tem para a sua vida!<\/p>\t\t\t\t\t\t\t\t<\/div>\n\t\t\t\t<\/div>\n\t\t\t\t\t<\/div>\n\t\t\t\t<\/div>\n\t\t<div class=\"elementor-element elementor-element-fc6f092 e-flex e-con-boxed e-con e-parent\" data-id=\"fc6f092\" data-element_type=\"container\" data-e-type=\"container\">\n\t\t\t\t\t<div class=\"e-con-inner\">\n\t\t\t\t<div class=\"elementor-element elementor-element-02269f9 gallery-spacing-custom elementor-widget elementor-widget-image-gallery\" data-id=\"02269f9\" data-element_type=\"widget\" data-e-type=\"widget\" data-widget_type=\"image-gallery.default\">\n\t\t\t\t<div class=\"elementor-widget-container\">\n\t\t\t\t\t\t\t<div class=\"elementor-image-gallery\">\n\t\t\t<div id='gallery-1' class='gallery galleryid-3276 gallery-columns-4 gallery-size-thumbnail'><figure class='gallery-item'>\n\t\t\t<div class='gallery-icon portrait'>\n\t\t\t\t<a data-elementor-open-lightbox=\"yes\" data-elementor-lightbox-slideshow=\"02269f9\" data-elementor-lightbox-title=\"IMG_6768-Aprimorado-NR\" data-e-action-hash=\"#elementor-action%3Aaction%3Dlightbox%26settings%3DeyJpZCI6MzI5MSwidXJsIjoiaHR0cHM6XC9cL2lncmVqYWZhbWlsaWFsaW1laXJhLmNvbS5iclwvc2l0ZVwvd3AtY29udGVudFwvdXBsb2Fkc1wvMjAyNVwvMDFcL0lNR182NzY4LUFwcmltb3JhZG8tTlItc2NhbGVkLmpwZyIsInNsaWRlc2hvdyI6IjAyMjY5ZjkifQ%3D%3D\" href=\"https:\/\/i0.wp.com\/igrejafamilialimeira.com.br\/site\/wp-content\/uploads\/2025\/01\/IMG_6768-Aprimorado-NR-scaled.jpg?ssl=1\"><img decoding=\"async\" width=\"150\" height=\"150\" src=\"https:\/\/i0.wp.com\/igrejafamilialimeira.com.br\/site\/wp-content\/uploads\/2025\/01\/IMG_6768-Aprimorado-NR-scaled.jpg?resize=150%2C150&amp;ssl=1\" class=\"attachment-thumbnail size-thumbnail\" alt=\"\" srcset=\"https:\/\/i0.wp.com\/igrejafamilialimeira.com.br\/site\/wp-content\/uploads\/2025\/01\/IMG_6768-Aprimorado-NR-scaled.jpg?resize=150%2C150&amp;ssl=1 150w, https:\/\/i0.wp.com\/igrejafamilialimeira.com.br\/site\/wp-content\/uploads\/2025\/01\/IMG_6768-Aprimorado-NR-scaled.jpg?resize=170%2C170&amp;ssl=1 170w, https:\/\/i0.wp.com\/igrejafamilialimeira.com.br\/site\/wp-content\/uploads\/2025\/01\/IMG_6768-Aprimorado-NR-scaled.jpg?resize=400%2C400&amp;ssl=1 400w, https:\/\/i0.wp.com\/igrejafamilialimeira.com.br\/site\/wp-content\/uploads\/2025\/01\/IMG_6768-Aprimorado-NR-scaled.jpg?resize=200%2C200&amp;ssl=1 200w, https:\/\/i0.wp.com\/igrejafamilialimeira.com.br\/site\/wp-content\/uploads\/2025\/01\/IMG_6768-Aprimorado-NR-scaled.jpg?resize=800%2C800&amp;ssl=1 800w, https:\/\/i0.wp.com\/igrejafamilialimeira.com.br\/site\/wp-content\/uploads\/2025\/01\/IMG_6768-Aprimorado-NR-scaled.jpg?zoom=2&amp;resize=150%2C150&amp;ssl=1 300w, https:\/\/i0.wp.com\/igrejafamilialimeira.com.br\/site\/wp-content\/uploads\/2025\/01\/IMG_6768-Aprimorado-NR-scaled.jpg?zoom=3&amp;resize=150%2C150&amp;ssl=1 450w\" sizes=\"(max-width: 150px) 100vw, 150px\" \/><\/a>\n\t\t\t<\/div><\/figure><figure class='gallery-item'>\n\t\t\t<div class='gallery-icon portrait'>\n\t\t\t\t<a data-elementor-open-lightbox=\"yes\" data-elementor-lightbox-slideshow=\"02269f9\" data-elementor-lightbox-title=\"IMG_6763-Aprimorado-NR\" data-e-action-hash=\"#elementor-action%3Aaction%3Dlightbox%26settings%3DeyJpZCI6MzI4OSwidXJsIjoiaHR0cHM6XC9cL2lncmVqYWZhbWlsaWFsaW1laXJhLmNvbS5iclwvc2l0ZVwvd3AtY29udGVudFwvdXBsb2Fkc1wvMjAyNVwvMDFcL0lNR182NzYzLUFwcmltb3JhZG8tTlItc2NhbGVkLmpwZyIsInNsaWRlc2hvdyI6IjAyMjY5ZjkifQ%3D%3D\" href=\"https:\/\/i0.wp.com\/igrejafamilialimeira.com.br\/site\/wp-content\/uploads\/2025\/01\/IMG_6763-Aprimorado-NR-scaled.jpg?ssl=1\"><img decoding=\"async\" width=\"150\" height=\"150\" src=\"https:\/\/i0.wp.com\/igrejafamilialimeira.com.br\/site\/wp-content\/uploads\/2025\/01\/IMG_6763-Aprimorado-NR-scaled.jpg?resize=150%2C150&amp;ssl=1\" class=\"attachment-thumbnail size-thumbnail\" alt=\"\" srcset=\"https:\/\/i0.wp.com\/igrejafamilialimeira.com.br\/site\/wp-content\/uploads\/2025\/01\/IMG_6763-Aprimorado-NR-scaled.jpg?resize=150%2C150&amp;ssl=1 150w, https:\/\/i0.wp.com\/igrejafamilialimeira.com.br\/site\/wp-content\/uploads\/2025\/01\/IMG_6763-Aprimorado-NR-scaled.jpg?resize=170%2C170&amp;ssl=1 170w, https:\/\/i0.wp.com\/igrejafamilialimeira.com.br\/site\/wp-content\/uploads\/2025\/01\/IMG_6763-Aprimorado-NR-scaled.jpg?resize=400%2C400&amp;ssl=1 400w, https:\/\/i0.wp.com\/igrejafamilialimeira.com.br\/site\/wp-content\/uploads\/2025\/01\/IMG_6763-Aprimorado-NR-scaled.jpg?resize=200%2C200&amp;ssl=1 200w, https:\/\/i0.wp.com\/igrejafamilialimeira.com.br\/site\/wp-content\/uploads\/2025\/01\/IMG_6763-Aprimorado-NR-scaled.jpg?resize=800%2C800&amp;ssl=1 800w, https:\/\/i0.wp.com\/igrejafamilialimeira.com.br\/site\/wp-content\/uploads\/2025\/01\/IMG_6763-Aprimorado-NR-scaled.jpg?zoom=2&amp;resize=150%2C150&amp;ssl=1 300w, https:\/\/i0.wp.com\/igrejafamilialimeira.com.br\/site\/wp-content\/uploads\/2025\/01\/IMG_6763-Aprimorado-NR-scaled.jpg?zoom=3&amp;resize=150%2C150&amp;ssl=1 450w\" sizes=\"(max-width: 150px) 100vw, 150px\" \/><\/a>\n\t\t\t<\/div><\/figure><figure class='gallery-item'>\n\t\t\t<div class='gallery-icon landscape'>\n\t\t\t\t<a data-elementor-open-lightbox=\"yes\" data-elementor-lightbox-slideshow=\"02269f9\" data-elementor-lightbox-title=\"IMG_6775-Aprimorado-NR\" data-e-action-hash=\"#elementor-action%3Aaction%3Dlightbox%26settings%3DeyJpZCI6MzI4NCwidXJsIjoiaHR0cHM6XC9cL2lncmVqYWZhbWlsaWFsaW1laXJhLmNvbS5iclwvc2l0ZVwvd3AtY29udGVudFwvdXBsb2Fkc1wvMjAyNVwvMDFcL0lNR182Nzc1LUFwcmltb3JhZG8tTlItc2NhbGVkLmpwZyIsInNsaWRlc2hvdyI6IjAyMjY5ZjkifQ%3D%3D\" href=\"https:\/\/i0.wp.com\/igrejafamilialimeira.com.br\/site\/wp-content\/uploads\/2025\/01\/IMG_6775-Aprimorado-NR-scaled.jpg?ssl=1\"><img decoding=\"async\" width=\"150\" height=\"150\" src=\"https:\/\/i0.wp.com\/igrejafamilialimeira.com.br\/site\/wp-content\/uploads\/2025\/01\/IMG_6775-Aprimorado-NR-scaled.jpg?resize=150%2C150&amp;ssl=1\" class=\"attachment-thumbnail size-thumbnail\" alt=\"\" srcset=\"https:\/\/i0.wp.com\/igrejafamilialimeira.com.br\/site\/wp-content\/uploads\/2025\/01\/IMG_6775-Aprimorado-NR-scaled.jpg?resize=150%2C150&amp;ssl=1 150w, https:\/\/i0.wp.com\/igrejafamilialimeira.com.br\/site\/wp-content\/uploads\/2025\/01\/IMG_6775-Aprimorado-NR-scaled.jpg?resize=170%2C170&amp;ssl=1 170w, https:\/\/i0.wp.com\/igrejafamilialimeira.com.br\/site\/wp-content\/uploads\/2025\/01\/IMG_6775-Aprimorado-NR-scaled.jpg?resize=400%2C400&amp;ssl=1 400w, https:\/\/i0.wp.com\/igrejafamilialimeira.com.br\/site\/wp-content\/uploads\/2025\/01\/IMG_6775-Aprimorado-NR-scaled.jpg?resize=200%2C200&amp;ssl=1 200w, https:\/\/i0.wp.com\/igrejafamilialimeira.com.br\/site\/wp-content\/uploads\/2025\/01\/IMG_6775-Aprimorado-NR-scaled.jpg?resize=800%2C800&amp;ssl=1 800w, https:\/\/i0.wp.com\/igrejafamilialimeira.com.br\/site\/wp-content\/uploads\/2025\/01\/IMG_6775-Aprimorado-NR-scaled.jpg?zoom=2&amp;resize=150%2C150&amp;ssl=1 300w, https:\/\/i0.wp.com\/igrejafamilialimeira.com.br\/site\/wp-content\/uploads\/2025\/01\/IMG_6775-Aprimorado-NR-scaled.jpg?zoom=3&amp;resize=150%2C150&amp;ssl=1 450w\" sizes=\"(max-width: 150px) 100vw, 150px\" \/><\/a>\n\t\t\t<\/div><\/figure><figure class='gallery-item'>\n\t\t\t<div class='gallery-icon portrait'>\n\t\t\t\t<a data-elementor-open-lightbox=\"yes\" data-elementor-lightbox-slideshow=\"02269f9\" data-elementor-lightbox-title=\"IMG_6751-Aprimorado-NR\" data-e-action-hash=\"#elementor-action%3Aaction%3Dlightbox%26settings%3DeyJpZCI6MzI4NiwidXJsIjoiaHR0cHM6XC9cL2lncmVqYWZhbWlsaWFsaW1laXJhLmNvbS5iclwvc2l0ZVwvd3AtY29udGVudFwvdXBsb2Fkc1wvMjAyNVwvMDFcL0lNR182NzUxLUFwcmltb3JhZG8tTlItc2NhbGVkLmpwZyIsInNsaWRlc2hvdyI6IjAyMjY5ZjkifQ%3D%3D\" href=\"https:\/\/i0.wp.com\/igrejafamilialimeira.com.br\/site\/wp-content\/uploads\/2025\/01\/IMG_6751-Aprimorado-NR-scaled.jpg?ssl=1\"><img loading=\"lazy\" decoding=\"async\" width=\"150\" height=\"150\" src=\"https:\/\/i0.wp.com\/igrejafamilialimeira.com.br\/site\/wp-content\/uploads\/2025\/01\/IMG_6751-Aprimorado-NR-scaled.jpg?resize=150%2C150&amp;ssl=1\" class=\"attachment-thumbnail size-thumbnail\" alt=\"\" srcset=\"https:\/\/i0.wp.com\/igrejafamilialimeira.com.br\/site\/wp-content\/uploads\/2025\/01\/IMG_6751-Aprimorado-NR-scaled.jpg?resize=150%2C150&amp;ssl=1 150w, https:\/\/i0.wp.com\/igrejafamilialimeira.com.br\/site\/wp-content\/uploads\/2025\/01\/IMG_6751-Aprimorado-NR-scaled.jpg?resize=170%2C170&amp;ssl=1 170w, https:\/\/i0.wp.com\/igrejafamilialimeira.com.br\/site\/wp-content\/uploads\/2025\/01\/IMG_6751-Aprimorado-NR-scaled.jpg?resize=400%2C400&amp;ssl=1 400w, https:\/\/i0.wp.com\/igrejafamilialimeira.com.br\/site\/wp-content\/uploads\/2025\/01\/IMG_6751-Aprimorado-NR-scaled.jpg?resize=200%2C200&amp;ssl=1 200w, https:\/\/i0.wp.com\/igrejafamilialimeira.com.br\/site\/wp-content\/uploads\/2025\/01\/IMG_6751-Aprimorado-NR-scaled.jpg?resize=800%2C800&amp;ssl=1 800w, https:\/\/i0.wp.com\/igrejafamilialimeira.com.br\/site\/wp-content\/uploads\/2025\/01\/IMG_6751-Aprimorado-NR-scaled.jpg?zoom=2&amp;resize=150%2C150&amp;ssl=1 300w, https:\/\/i0.wp.com\/igrejafamilialimeira.com.br\/site\/wp-content\/uploads\/2025\/01\/IMG_6751-Aprimorado-NR-scaled.jpg?zoom=3&amp;resize=150%2C150&amp;ssl=1 450w\" sizes=\"(max-width: 150px) 100vw, 150px\" \/><\/a>\n\t\t\t<\/div><\/figure><figure class='gallery-item'>\n\t\t\t<div class='gallery-icon portrait'>\n\t\t\t\t<a data-elementor-open-lightbox=\"yes\" data-elementor-lightbox-slideshow=\"02269f9\" data-elementor-lightbox-title=\"IMG_6779-Aprimorado-NR\" data-e-action-hash=\"#elementor-action%3Aaction%3Dlightbox%26settings%3DeyJpZCI6MzI4NSwidXJsIjoiaHR0cHM6XC9cL2lncmVqYWZhbWlsaWFsaW1laXJhLmNvbS5iclwvc2l0ZVwvd3AtY29udGVudFwvdXBsb2Fkc1wvMjAyNVwvMDFcL0lNR182Nzc5LUFwcmltb3JhZG8tTlItc2NhbGVkLmpwZyIsInNsaWRlc2hvdyI6IjAyMjY5ZjkifQ%3D%3D\" href=\"https:\/\/i0.wp.com\/igrejafamilialimeira.com.br\/site\/wp-content\/uploads\/2025\/01\/IMG_6779-Aprimorado-NR-scaled.jpg?ssl=1\"><img loading=\"lazy\" decoding=\"async\" width=\"150\" height=\"150\" src=\"https:\/\/i0.wp.com\/igrejafamilialimeira.com.br\/site\/wp-content\/uploads\/2025\/01\/IMG_6779-Aprimorado-NR-scaled.jpg?resize=150%2C150&amp;ssl=1\" class=\"attachment-thumbnail size-thumbnail\" alt=\"\" srcset=\"https:\/\/i0.wp.com\/igrejafamilialimeira.com.br\/site\/wp-content\/uploads\/2025\/01\/IMG_6779-Aprimorado-NR-scaled.jpg?resize=150%2C150&amp;ssl=1 150w, https:\/\/i0.wp.com\/igrejafamilialimeira.com.br\/site\/wp-content\/uploads\/2025\/01\/IMG_6779-Aprimorado-NR-scaled.jpg?resize=170%2C170&amp;ssl=1 170w, https:\/\/i0.wp.com\/igrejafamilialimeira.com.br\/site\/wp-content\/uploads\/2025\/01\/IMG_6779-Aprimorado-NR-scaled.jpg?resize=400%2C400&amp;ssl=1 400w, https:\/\/i0.wp.com\/igrejafamilialimeira.com.br\/site\/wp-content\/uploads\/2025\/01\/IMG_6779-Aprimorado-NR-scaled.jpg?resize=200%2C200&amp;ssl=1 200w, https:\/\/i0.wp.com\/igrejafamilialimeira.com.br\/site\/wp-content\/uploads\/2025\/01\/IMG_6779-Aprimorado-NR-scaled.jpg?resize=800%2C800&amp;ssl=1 800w, https:\/\/i0.wp.com\/igrejafamilialimeira.com.br\/site\/wp-content\/uploads\/2025\/01\/IMG_6779-Aprimorado-NR-scaled.jpg?zoom=2&amp;resize=150%2C150&amp;ssl=1 300w, https:\/\/i0.wp.com\/igrejafamilialimeira.com.br\/site\/wp-content\/uploads\/2025\/01\/IMG_6779-Aprimorado-NR-scaled.jpg?zoom=3&amp;resize=150%2C150&amp;ssl=1 450w\" sizes=\"(max-width: 150px) 100vw, 150px\" \/><\/a>\n\t\t\t<\/div><\/figure><figure class='gallery-item'>\n\t\t\t<div class='gallery-icon landscape'>\n\t\t\t\t<a data-elementor-open-lightbox=\"yes\" data-elementor-lightbox-slideshow=\"02269f9\" data-elementor-lightbox-title=\"IMG_6760-Aprimorado-NR\" data-e-action-hash=\"#elementor-action%3Aaction%3Dlightbox%26settings%3DeyJpZCI6MzI4OCwidXJsIjoiaHR0cHM6XC9cL2lncmVqYWZhbWlsaWFsaW1laXJhLmNvbS5iclwvc2l0ZVwvd3AtY29udGVudFwvdXBsb2Fkc1wvMjAyNVwvMDFcL0lNR182NzYwLUFwcmltb3JhZG8tTlItc2NhbGVkLmpwZyIsInNsaWRlc2hvdyI6IjAyMjY5ZjkifQ%3D%3D\" href=\"https:\/\/i0.wp.com\/igrejafamilialimeira.com.br\/site\/wp-content\/uploads\/2025\/01\/IMG_6760-Aprimorado-NR-scaled.jpg?ssl=1\"><img loading=\"lazy\" decoding=\"async\" width=\"150\" height=\"150\" src=\"https:\/\/i0.wp.com\/igrejafamilialimeira.com.br\/site\/wp-content\/uploads\/2025\/01\/IMG_6760-Aprimorado-NR-scaled.jpg?resize=150%2C150&amp;ssl=1\" class=\"attachment-thumbnail size-thumbnail\" alt=\"\" srcset=\"https:\/\/i0.wp.com\/igrejafamilialimeira.com.br\/site\/wp-content\/uploads\/2025\/01\/IMG_6760-Aprimorado-NR-scaled.jpg?resize=150%2C150&amp;ssl=1 150w, https:\/\/i0.wp.com\/igrejafamilialimeira.com.br\/site\/wp-content\/uploads\/2025\/01\/IMG_6760-Aprimorado-NR-scaled.jpg?resize=170%2C170&amp;ssl=1 170w, https:\/\/i0.wp.com\/igrejafamilialimeira.com.br\/site\/wp-content\/uploads\/2025\/01\/IMG_6760-Aprimorado-NR-scaled.jpg?resize=400%2C400&amp;ssl=1 400w, https:\/\/i0.wp.com\/igrejafamilialimeira.com.br\/site\/wp-content\/uploads\/2025\/01\/IMG_6760-Aprimorado-NR-scaled.jpg?resize=200%2C200&amp;ssl=1 200w, https:\/\/i0.wp.com\/igrejafamilialimeira.com.br\/site\/wp-content\/uploads\/2025\/01\/IMG_6760-Aprimorado-NR-scaled.jpg?resize=800%2C800&amp;ssl=1 800w, https:\/\/i0.wp.com\/igrejafamilialimeira.com.br\/site\/wp-content\/uploads\/2025\/01\/IMG_6760-Aprimorado-NR-scaled.jpg?zoom=2&amp;resize=150%2C150&amp;ssl=1 300w, https:\/\/i0.wp.com\/igrejafamilialimeira.com.br\/site\/wp-content\/uploads\/2025\/01\/IMG_6760-Aprimorado-NR-scaled.jpg?zoom=3&amp;resize=150%2C150&amp;ssl=1 450w\" sizes=\"(max-width: 150px) 100vw, 150px\" \/><\/a>\n\t\t\t<\/div><\/figure><figure class='gallery-item'>\n\t\t\t<div class='gallery-icon portrait'>\n\t\t\t\t<a data-elementor-open-lightbox=\"yes\" data-elementor-lightbox-slideshow=\"02269f9\" data-elementor-lightbox-title=\"IMG_6765-Aprimorado-NR\" data-e-action-hash=\"#elementor-action%3Aaction%3Dlightbox%26settings%3DeyJpZCI6MzI5MCwidXJsIjoiaHR0cHM6XC9cL2lncmVqYWZhbWlsaWFsaW1laXJhLmNvbS5iclwvc2l0ZVwvd3AtY29udGVudFwvdXBsb2Fkc1wvMjAyNVwvMDFcL0lNR182NzY1LUFwcmltb3JhZG8tTlItc2NhbGVkLmpwZyIsInNsaWRlc2hvdyI6IjAyMjY5ZjkifQ%3D%3D\" href=\"https:\/\/i0.wp.com\/igrejafamilialimeira.com.br\/site\/wp-content\/uploads\/2025\/01\/IMG_6765-Aprimorado-NR-scaled.jpg?ssl=1\"><img loading=\"lazy\" decoding=\"async\" width=\"150\" height=\"150\" src=\"https:\/\/i0.wp.com\/igrejafamilialimeira.com.br\/site\/wp-content\/uploads\/2025\/01\/IMG_6765-Aprimorado-NR-scaled.jpg?resize=150%2C150&amp;ssl=1\" class=\"attachment-thumbnail size-thumbnail\" alt=\"\" srcset=\"https:\/\/i0.wp.com\/igrejafamilialimeira.com.br\/site\/wp-content\/uploads\/2025\/01\/IMG_6765-Aprimorado-NR-scaled.jpg?resize=150%2C150&amp;ssl=1 150w, https:\/\/i0.wp.com\/igrejafamilialimeira.com.br\/site\/wp-content\/uploads\/2025\/01\/IMG_6765-Aprimorado-NR-scaled.jpg?resize=170%2C170&amp;ssl=1 170w, https:\/\/i0.wp.com\/igrejafamilialimeira.com.br\/site\/wp-content\/uploads\/2025\/01\/IMG_6765-Aprimorado-NR-scaled.jpg?resize=400%2C400&amp;ssl=1 400w, https:\/\/i0.wp.com\/igrejafamilialimeira.com.br\/site\/wp-content\/uploads\/2025\/01\/IMG_6765-Aprimorado-NR-scaled.jpg?resize=200%2C200&amp;ssl=1 200w, https:\/\/i0.wp.com\/igrejafamilialimeira.com.br\/site\/wp-content\/uploads\/2025\/01\/IMG_6765-Aprimorado-NR-scaled.jpg?resize=800%2C800&amp;ssl=1 800w, https:\/\/i0.wp.com\/igrejafamilialimeira.com.br\/site\/wp-content\/uploads\/2025\/01\/IMG_6765-Aprimorado-NR-scaled.jpg?zoom=2&amp;resize=150%2C150&amp;ssl=1 300w, https:\/\/i0.wp.com\/igrejafamilialimeira.com.br\/site\/wp-content\/uploads\/2025\/01\/IMG_6765-Aprimorado-NR-scaled.jpg?zoom=3&amp;resize=150%2C150&amp;ssl=1 450w\" sizes=\"(max-width: 150px) 100vw, 150px\" \/><\/a>\n\t\t\t<\/div><\/figure><figure class='gallery-item'>\n\t\t\t<div class='gallery-icon portrait'>\n\t\t\t\t<a data-elementor-open-lightbox=\"yes\" data-elementor-lightbox-slideshow=\"02269f9\" data-elementor-lightbox-title=\"IMG_6753-Aprimorado-NR\" data-e-action-hash=\"#elementor-action%3Aaction%3Dlightbox%26settings%3DeyJpZCI6MzI4NywidXJsIjoiaHR0cHM6XC9cL2lncmVqYWZhbWlsaWFsaW1laXJhLmNvbS5iclwvc2l0ZVwvd3AtY29udGVudFwvdXBsb2Fkc1wvMjAyNVwvMDFcL0lNR182NzUzLUFwcmltb3JhZG8tTlItc2NhbGVkLmpwZyIsInNsaWRlc2hvdyI6IjAyMjY5ZjkifQ%3D%3D\" href=\"https:\/\/i0.wp.com\/igrejafamilialimeira.com.br\/site\/wp-content\/uploads\/2025\/01\/IMG_6753-Aprimorado-NR-scaled.jpg?ssl=1\"><img loading=\"lazy\" decoding=\"async\" width=\"150\" height=\"150\" src=\"https:\/\/i0.wp.com\/igrejafamilialimeira.com.br\/site\/wp-content\/uploads\/2025\/01\/IMG_6753-Aprimorado-NR-scaled.jpg?resize=150%2C150&amp;ssl=1\" class=\"attachment-thumbnail size-thumbnail\" alt=\"\" srcset=\"https:\/\/i0.wp.com\/igrejafamilialimeira.com.br\/site\/wp-content\/uploads\/2025\/01\/IMG_6753-Aprimorado-NR-scaled.jpg?resize=150%2C150&amp;ssl=1 150w, https:\/\/i0.wp.com\/igrejafamilialimeira.com.br\/site\/wp-content\/uploads\/2025\/01\/IMG_6753-Aprimorado-NR-scaled.jpg?resize=170%2C170&amp;ssl=1 170w, https:\/\/i0.wp.com\/igrejafamilialimeira.com.br\/site\/wp-content\/uploads\/2025\/01\/IMG_6753-Aprimorado-NR-scaled.jpg?resize=400%2C400&amp;ssl=1 400w, https:\/\/i0.wp.com\/igrejafamilialimeira.com.br\/site\/wp-content\/uploads\/2025\/01\/IMG_6753-Aprimorado-NR-scaled.jpg?resize=200%2C200&amp;ssl=1 200w, https:\/\/i0.wp.com\/igrejafamilialimeira.com.br\/site\/wp-content\/uploads\/2025\/01\/IMG_6753-Aprimorado-NR-scaled.jpg?resize=800%2C800&amp;ssl=1 800w, https:\/\/i0.wp.com\/igrejafamilialimeira.com.br\/site\/wp-content\/uploads\/2025\/01\/IMG_6753-Aprimorado-NR-scaled.jpg?zoom=2&amp;resize=150%2C150&amp;ssl=1 300w, https:\/\/i0.wp.com\/igrejafamilialimeira.com.br\/site\/wp-content\/uploads\/2025\/01\/IMG_6753-Aprimorado-NR-scaled.jpg?zoom=3&amp;resize=150%2C150&amp;ssl=1 450w\" sizes=\"(max-width: 150px) 100vw, 150px\" \/><\/a>\n\t\t\t<\/div><\/figure>\n\t\t<\/div>\n\t\t<\/div>\n\t\t\t\t\t\t<\/div>\n\t\t\t\t<\/div>\n\t\t\t\t\t<\/div>\n\t\t\t\t<\/div>\n\t\t<div class=\"elementor-element elementor-element-15a2513 e-flex e-con-boxed e-con e-parent\" data-id=\"15a2513\" data-element_type=\"container\" data-e-type=\"container\">\n\t\t\t\t\t<div class=\"e-con-inner\">\n\t\t\t\t<div class=\"elementor-element elementor-element-e00b501 elementor-widget elementor-widget-text-editor\" data-id=\"e00b501\" data-element_type=\"widget\" data-e-type=\"widget\" data-widget_type=\"text-editor.default\">\n\t\t\t\t<div class=\"elementor-widget-container\">\n\t\t\t\t\t\t\t\t\t<h3>Veja muito mais em <a href=\"https:\/\/www.instagram.com\/familiaonmove\" target=\"_blank\" rel=\"noopener\">https:\/\/www.instagram.com\/familiaonmove<\/a><\/h3>\t\t\t\t\t\t\t\t<\/div>\n\t\t\t\t<\/div>\n\t\t\t\t\t<\/div>\n\t\t\t\t<\/div>\n\t\t\t\t<\/div>\n\t\t","protected":false},"excerpt":{"rendered":"<p>OnMove \u2013 O Culto de Jovens da Igreja 100% Fam\u00edlia O OnMove \u00e9 o culto de jovens da Igreja 100% Fam\u00edlia, realizado todas as sextas-feiras [&hellip;]<\/p>\n","protected":false},"author":1,"featured_media":0,"parent":0,"menu_order":0,"comment_status":"closed","ping_status":"closed","template":"","meta":{"advanced_seo_description":"","jetpack_seo_html_title":"","jetpack_seo_noindex":false,"footnotes":""},"class_list":["post-3276","page","type-page","status-publish","hentry"],"jetpack_sharing_enabled":true,"jetpack-related-posts":[],"jetpack_shortlink":"https:\/\/wp.me\/PgkQBV-QQ","_links":{"self":[{"href":"https:\/\/igrejafamilialimeira.com.br\/site\/wp-json\/wp\/v2\/pages\/3276","targetHints":{"allow":["GET"]}}],"collection":[{"href":"https:\/\/igrejafamilialimeira.com.br\/site\/wp-json\/wp\/v2\/pages"}],"about":[{"href":"https:\/\/igrejafamilialimeira.com.br\/site\/wp-json\/wp\/v2\/types\/page"}],"author":[{"embeddable":true,"href":"https:\/\/igrejafamilialimeira.com.br\/site\/wp-json\/wp\/v2\/users\/1"}],"replies":[{"embeddable":true,"href":"https:\/\/igrejafamilialimeira.com.br\/site\/wp-json\/wp\/v2\/comments?post=3276"}],"version-history":[{"count":9,"href":"https:\/\/igrejafamilialimeira.com.br\/site\/wp-json\/wp\/v2\/pages\/3276\/revisions"}],"predecessor-version":[{"id":3519,"href":"https:\/\/igrejafamilialimeira.com.br\/site\/wp-json\/wp\/v2\/pages\/3276\/revisions\/3519"}],"wp:attachment":[{"href":"https:\/\/igrejafamilialimeira.com.br\/site\/wp-json\/wp\/v2\/media?parent=3276"}],"curies":[{"name":"wp","href":"https:\/\/api.w.org\/{rel}","templated":true}]}}