{"id":3109,"date":"2025-01-30T11:17:28","date_gmt":"2025-01-30T14:17:28","guid":{"rendered":"https:\/\/igrejafamilialimeira.com.br\/site\/?page_id=3109"},"modified":"2025-05-28T15:31:04","modified_gmt":"2025-05-28T18:31:04","slug":"culto-ao-vivo","status":"publish","type":"page","link":"https:\/\/igrejafamilialimeira.com.br\/site\/culto-ao-vivo\/","title":{"rendered":"Culto ao vivo"},"content":{"rendered":"<div class=\"ayg ayg-error\"><div class=\"ayg-livestream-fallback-message\"><p style=\"font-family: Montserrat, sans-serif;font-size: 14px;line-height: inherit;border: 0px;margin: 0px 0px 1.5em;padding: 0px;color: #222222;text-align: center\"><span style=\"font-family: inherit;font-style: inherit;font-weight: bold;line-height: inherit;border: 0px\">No momento nenhuma transmiss\u00e3o ao vivo est\u00e1 sendo feita.<\/span><\/p>\r\n<p style=\"font-family: Montserrat, sans-serif;font-size: 14px;line-height: inherit;border: 0px;margin: 0px 0px 1.5em;padding: 0px;color: #222222;text-align: center\"><span style=\"font-family: inherit;font-style: inherit;font-weight: bold;line-height: inherit;border: 0px\">Acompanhe nossas transmiss\u00f5es todos os domingos \u00e0s 18h30 e tamb\u00e9m em eventos especiais anunciados em nossas redes sociais.<\/span><\/p>\r\n<p style=\"font-family: Montserrat, sans-serif;font-size: 14px;line-height: inherit;border: 0px;margin: 0px 0px 1.5em;padding: 0px;color: #222222;text-align: center\"><span style=\"font-family: inherit;font-style: inherit;font-weight: bold;line-height: inherit;border: 0px\">Deus aben\u00e7oe!<\/span><\/p>\r\n<span style=\"font-family: inherit;font-style: inherit;font-weight: bold;line-height: inherit;border: 0px\"><img data-recalc-dims=\"1\" fetchpriority=\"high\" decoding=\"async\" class=\"wp-image-3526 size-medium aligncenter\" src=\"https:\/\/i0.wp.com\/igrejafamilialimeira.com.br\/site\/wp-content\/uploads\/2022\/07\/cropped-logo_dourado_sem_fundo_simples.png?resize=300%2C300&#038;ssl=1\" alt=\"\" width=\"300\" height=\"300\" srcset=\"https:\/\/i0.wp.com\/igrejafamilialimeira.com.br\/site\/wp-content\/uploads\/2022\/07\/cropped-logo_dourado_sem_fundo_simples.png?resize=300%2C300&amp;ssl=1 300w, https:\/\/i0.wp.com\/igrejafamilialimeira.com.br\/site\/wp-content\/uploads\/2022\/07\/cropped-logo_dourado_sem_fundo_simples.png?resize=150%2C150&amp;ssl=1 150w, https:\/\/i0.wp.com\/igrejafamilialimeira.com.br\/site\/wp-content\/uploads\/2022\/07\/cropped-logo_dourado_sem_fundo_simples.png?resize=170%2C170&amp;ssl=1 170w, https:\/\/i0.wp.com\/igrejafamilialimeira.com.br\/site\/wp-content\/uploads\/2022\/07\/cropped-logo_dourado_sem_fundo_simples.png?resize=400%2C400&amp;ssl=1 400w, https:\/\/i0.wp.com\/igrejafamilialimeira.com.br\/site\/wp-content\/uploads\/2022\/07\/cropped-logo_dourado_sem_fundo_simples.png?resize=200%2C200&amp;ssl=1 200w, https:\/\/i0.wp.com\/igrejafamilialimeira.com.br\/site\/wp-content\/uploads\/2022\/07\/cropped-logo_dourado_sem_fundo_simples.png?resize=270%2C270&amp;ssl=1 270w, https:\/\/i0.wp.com\/igrejafamilialimeira.com.br\/site\/wp-content\/uploads\/2022\/07\/cropped-logo_dourado_sem_fundo_simples.png?resize=192%2C192&amp;ssl=1 192w, https:\/\/i0.wp.com\/igrejafamilialimeira.com.br\/site\/wp-content\/uploads\/2022\/07\/cropped-logo_dourado_sem_fundo_simples.png?resize=180%2C180&amp;ssl=1 180w, https:\/\/i0.wp.com\/igrejafamilialimeira.com.br\/site\/wp-content\/uploads\/2022\/07\/cropped-logo_dourado_sem_fundo_simples.png?resize=32%2C32&amp;ssl=1 32w, https:\/\/i0.wp.com\/igrejafamilialimeira.com.br\/site\/wp-content\/uploads\/2022\/07\/cropped-logo_dourado_sem_fundo_simples.png?w=512&amp;ssl=1 512w\" sizes=\"(max-width: 300px) 100vw, 300px\" \/><\/span><\/div><\/div>\n","protected":false},"excerpt":{"rendered":"","protected":false},"author":1,"featured_media":0,"parent":0,"menu_order":0,"comment_status":"closed","ping_status":"closed","template":"","meta":{"advanced_seo_description":"","jetpack_seo_html_title":"","jetpack_seo_noindex":false,"footnotes":""},"class_list":["post-3109","page","type-page","status-publish","hentry"],"jetpack_sharing_enabled":true,"jetpack-related-posts":[],"jetpack_shortlink":"https:\/\/wp.me\/PgkQBV-O9","_links":{"self":[{"href":"https:\/\/igrejafamilialimeira.com.br\/site\/wp-json\/wp\/v2\/pages\/3109","targetHints":{"allow":["GET"]}}],"collection":[{"href":"https:\/\/igrejafamilialimeira.com.br\/site\/wp-json\/wp\/v2\/pages"}],"about":[{"href":"https:\/\/igrejafamilialimeira.com.br\/site\/wp-json\/wp\/v2\/types\/page"}],"author":[{"embeddable":true,"href":"https:\/\/igrejafamilialimeira.com.br\/site\/wp-json\/wp\/v2\/users\/1"}],"replies":[{"embeddable":true,"href":"https:\/\/igrejafamilialimeira.com.br\/site\/wp-json\/wp\/v2\/comments?post=3109"}],"version-history":[{"count":2,"href":"https:\/\/igrejafamilialimeira.com.br\/site\/wp-json\/wp\/v2\/pages\/3109\/revisions"}],"predecessor-version":[{"id":3510,"href":"https:\/\/igrejafamilialimeira.com.br\/site\/wp-json\/wp\/v2\/pages\/3109\/revisions\/3510"}],"wp:attachment":[{"href":"https:\/\/igrejafamilialimeira.com.br\/site\/wp-json\/wp\/v2\/media?parent=3109"}],"curies":[{"name":"wp","href":"https:\/\/api.w.org\/{rel}","templated":true}]}}