{"id":3038,"date":"2025-01-29T21:18:24","date_gmt":"2025-01-30T00:18:24","guid":{"rendered":"https:\/\/igrejafamilialimeira.com.br\/site\/?page_id=3038"},"modified":"2025-09-03T12:10:54","modified_gmt":"2025-09-03T15:10:54","slug":"doacoes","status":"publish","type":"page","link":"https:\/\/igrejafamilialimeira.com.br\/site\/doacoes\/","title":{"rendered":"Contribua com esta obra"},"content":{"rendered":"\t\t<div data-elementor-type=\"wp-page\" data-elementor-id=\"3038\" class=\"elementor elementor-3038\" data-elementor-post-type=\"page\">\n\t\t\t\t<div class=\"elementor-element elementor-element-e79837c e-flex e-con-boxed e-con e-parent\" data-id=\"e79837c\" data-element_type=\"container\" data-e-type=\"container\">\n\t\t\t\t\t<div class=\"e-con-inner\">\n\t\t\t\t<div class=\"elementor-element elementor-element-2efdfc8 elementor-widget elementor-widget-text-editor\" data-id=\"2efdfc8\" data-element_type=\"widget\" data-e-type=\"widget\" data-widget_type=\"text-editor.default\">\n\t\t\t\t<div class=\"elementor-widget-container\">\n\t\t\t\t\t\t\t\t\t<div class=\"wpb_text_column wpb_content_element \"><div class=\"wpb_wrapper\"><div id=\"comp-ipz7vfek\" class=\"_1Q9if\" data-testid=\"richTextElement\"><p class=\"font_8\"><strong>D\u00edzimos:<br \/><\/strong><span class=\"wixGuard\">\u200b<\/span><span class=\"color_15\">Malaquias 3:10, 11 \u2013 Trazei\u00a0 todos os d\u00edzimos \u00e0 casa do Tesouro, para que haja mantimento na minha casa; e provai-me\u00a0 nisto, diz\u00a0 o SENHOR dos Ex\u00e9rcitos, se eu n\u00e3o vos abrir\u00a0 as janelas do c\u00e9u e n\u00e3o derramar\u00a0 sobre v\u00f3s b\u00ean\u00e7\u00e3o sem medida.\u00a0<\/span><span class=\"color_15\">Por vossa causa, repreenderei\u00a0 o devorador,\u00a0 para que n\u00e3o vos consuma\u00a0 o fruto da terra; a vossa vide no campo n\u00e3o ser\u00e1 est\u00e9ril,\u00a0 diz\u00a0 o SENHOR dos Ex\u00e9rcitos.<\/span><\/p><p class=\"font_8\"><strong>Ofertas:<br \/><\/strong><span class=\"color_15\">Prov\u00e9rbios 11:24 \u2013 Quem d\u00e1 com generosidade, v\u00ea suas riquezas se multiplicarem; outros preferem reter o que deveriam ofertar, e caem na pobreza.<\/span><\/p><p class=\"font_8\"><strong>Doa\u00e7\u00f5es:<br \/><\/strong><span class=\"color_15\">2 Co 9:7 \u2013 Cada um d\u00ea conforme determinou em seu cora\u00e7\u00e3o, n\u00e3o com pesar ou por obriga\u00e7\u00e3o, pois Deus ama quem d\u00e1 com alegria.<\/span><\/p><\/div><\/div><\/div>\t\t\t\t\t\t\t\t<\/div>\n\t\t\t\t<\/div>\n\t\t\t\t\t<\/div>\n\t\t\t\t<\/div>\n\t\t<div class=\"elementor-element elementor-element-df2e8a8 e-grid e-con-boxed e-con e-parent\" data-id=\"df2e8a8\" data-element_type=\"container\" data-e-type=\"container\">\n\t\t\t\t\t<div class=\"e-con-inner\">\n\t\t\t\t<div class=\"elementor-element elementor-element-7351596 elementor-widget elementor-widget-text-editor\" data-id=\"7351596\" data-element_type=\"widget\" data-e-type=\"widget\" data-widget_type=\"text-editor.default\">\n\t\t\t\t<div class=\"elementor-widget-container\">\n\t\t\t\t\t\t\t\t\t<div class=\"wpb_text_column wpb_content_element \"><div class=\"wpb_wrapper\"><div id=\"comp-ipz7vfek\" class=\"_1Q9if\" data-testid=\"richTextElement\"><p class=\"font_8\"><strong style=\"font-size: 14px; text-align: var(--text-align); color: var( --e-global-color-text );\">Como fazer uma doa\u00e7\u00e3o?<\/strong><\/p><\/div><\/div><\/div><div class=\"columns_wrap sc_columns columns_nofluid sc_columns_count_3\"><div class=\"column-1_3 sc_column_item sc_column_item_1 odd first\"><div class=\"wpb_text_column wpb_content_element \"><div class=\"wpb_wrapper\"><p>Chave pix:<br \/><span class=\"a_GcMg font-feature-liga-off font-feature-clig-off font-feature-calt-off text-decoration-none text-strikethrough-none\">CNPJ 62.293.396\/0001-60<\/span><br \/>E-mail: <span class=\"a_GcMg font-feature-liga-off font-feature-clig-off font-feature-calt-off text-decoration-none text-strikethrough-none\">CONTATO@IGREJA<\/span><span class=\"a_GcMg font-feature-liga-off font-feature-clig-off font-feature-calt-off text-decoration-none text-strikethrough-none\">FAMILIA<\/span><span class=\"a_GcMg font-feature-liga-off font-feature-clig-off font-feature-calt-off text-decoration-none text-strikethrough-none\">LIMEIRA.COM.BR<\/span><\/p><p><strong>Dep\u00f3sito:<\/strong><\/p><p class=\"cvGsUA direction-ltr align-start para-style-body\"><span class=\"a_GcMg font-feature-liga-off font-feature-clig-off font-feature-calt-off text-decoration-none text-strikethrough-none\"><strong>IGREJA EVANG\u00c9LICA 100% FAM\u00cdLIA &#8211; LIMEIRA<\/strong><br \/><\/span><span class=\"a_GcMg font-feature-liga-off font-feature-clig-off font-feature-calt-off text-decoration-none text-strikethrough-none\">BANCO: CORA SCFI &#8211; 403<br \/><\/span><span class=\"a_GcMg font-feature-liga-off font-feature-clig-off font-feature-calt-off text-decoration-none text-strikethrough-none\">AG: 0001<br \/><\/span><span class=\"a_GcMg font-feature-liga-off font-feature-clig-off font-feature-calt-off text-decoration-none text-strikethrough-none\">CONTA: 6243011-4<br \/><\/span><span class=\"a_GcMg font-feature-liga-off font-feature-clig-off font-feature-calt-off text-decoration-none text-strikethrough-none\">CNPJ: 62.293.396\/0001-60<\/span><\/p><\/div><\/div><\/div><\/div>\t\t\t\t\t\t\t\t<\/div>\n\t\t\t\t<\/div>\n\t\t\t\t<div class=\"elementor-element elementor-element-de79ffc elementor-widget elementor-widget-text-editor\" data-id=\"de79ffc\" data-element_type=\"widget\" data-e-type=\"widget\" data-widget_type=\"text-editor.default\">\n\t\t\t\t<div class=\"elementor-widget-container\">\n\t\t\t\t\t\t\t\t\t<p><span style=\"font-family: Montserrat, sans-serif; font-size: 14px; font-style: normal; font-weight: bold; outline-style: initial; outline-width: 0px; -webkit-font-smoothing: antialiased; overflow-wrap: break-word; color: #222222; font-variant-ligatures: normal; font-variant-caps: normal;\"><br><\/span><\/p><p><span style=\"color: rgb(34, 34, 34); font-family: Montserrat, sans-serif; font-size: 14px; font-style: normal; font-variant-ligatures: normal; font-variant-caps: normal; font-weight: bold; text-align: var(--text-align);\">Se preferir, aponte a c\u00e2mera do seu celular para o c\u00f3digo QR e fa\u00e7a sua doa\u00e7\u00e3o:<\/span><\/p>\t\t\t\t\t\t\t\t<\/div>\n\t\t\t\t<\/div>\n\t\t\t\t<div class=\"elementor-element elementor-element-69f5c13 elementor-widget elementor-widget-image\" data-id=\"69f5c13\" data-element_type=\"widget\" data-e-type=\"widget\" data-widget_type=\"image.default\">\n\t\t\t\t<div class=\"elementor-widget-container\">\n\t\t\t\t\t\t\t\t\t\t\t\t\t\t\t<img fetchpriority=\"high\" decoding=\"async\" width=\"298\" height=\"301\" src=\"https:\/\/i0.wp.com\/igrejafamilialimeira.com.br\/site\/wp-content\/uploads\/2025\/09\/QR-Code-PIX.jpg?resize=298%2C301&amp;ssl=1\" class=\"attachment-isermons-800-800 size-isermons-800-800 wp-image-3608\" alt=\"\" \/>\t\t\t\t\t\t\t\t\t\t\t\t\t\t\t<\/div>\n\t\t\t\t<\/div>\n\t\t\t\t\t<\/div>\n\t\t\t\t<\/div>\n\t\t\t\t<\/div>\n\t\t","protected":false},"excerpt":{"rendered":"<p>D\u00edzimos:\u200bMalaquias 3:10, 11 \u2013 Trazei\u00a0 todos os d\u00edzimos \u00e0 casa do Tesouro, para que haja mantimento na minha casa; e provai-me\u00a0 nisto, diz\u00a0 o SENHOR [&hellip;]<\/p>\n","protected":false},"author":1,"featured_media":0,"parent":0,"menu_order":0,"comment_status":"closed","ping_status":"closed","template":"","meta":{"advanced_seo_description":"","jetpack_seo_html_title":"","jetpack_seo_noindex":false,"footnotes":""},"class_list":["post-3038","page","type-page","status-publish","hentry"],"jetpack_sharing_enabled":true,"jetpack-related-posts":[],"jetpack_shortlink":"https:\/\/wp.me\/PgkQBV-N0","_links":{"self":[{"href":"https:\/\/igrejafamilialimeira.com.br\/site\/wp-json\/wp\/v2\/pages\/3038","targetHints":{"allow":["GET"]}}],"collection":[{"href":"https:\/\/igrejafamilialimeira.com.br\/site\/wp-json\/wp\/v2\/pages"}],"about":[{"href":"https:\/\/igrejafamilialimeira.com.br\/site\/wp-json\/wp\/v2\/types\/page"}],"author":[{"embeddable":true,"href":"https:\/\/igrejafamilialimeira.com.br\/site\/wp-json\/wp\/v2\/users\/1"}],"replies":[{"embeddable":true,"href":"https:\/\/igrejafamilialimeira.com.br\/site\/wp-json\/wp\/v2\/comments?post=3038"}],"version-history":[{"count":6,"href":"https:\/\/igrejafamilialimeira.com.br\/site\/wp-json\/wp\/v2\/pages\/3038\/revisions"}],"predecessor-version":[{"id":3611,"href":"https:\/\/igrejafamilialimeira.com.br\/site\/wp-json\/wp\/v2\/pages\/3038\/revisions\/3611"}],"wp:attachment":[{"href":"https:\/\/igrejafamilialimeira.com.br\/site\/wp-json\/wp\/v2\/media?parent=3038"}],"curies":[{"name":"wp","href":"https:\/\/api.w.org\/{rel}","templated":true}]}}