{"id":2778,"date":"2022-07-29T11:44:38","date_gmt":"2022-07-29T11:44:38","guid":{"rendered":"https:\/\/native-church-imithemes-com.stackstaging.com\/classic-elementor\/?page_id=18"},"modified":"2025-01-31T12:48:10","modified_gmt":"2025-01-31T15:48:10","slug":"mensagens","status":"publish","type":"page","link":"https:\/\/igrejafamilialimeira.com.br\/site\/mensagens\/","title":{"rendered":"Mensagens"},"content":{"rendered":"\t\t<div data-elementor-type=\"wp-page\" data-elementor-id=\"2778\" class=\"elementor elementor-2778\" data-elementor-post-type=\"page\">\n\t\t\t\t\t\t<section class=\"elementor-section elementor-top-section elementor-element elementor-element-87da4df elementor-section-boxed elementor-section-height-default elementor-section-height-default\" data-id=\"87da4df\" data-element_type=\"section\" data-e-type=\"section\">\n\t\t\t\t\t\t<div class=\"elementor-container elementor-column-gap-default\">\n\t\t\t\t\t<div class=\"elementor-column elementor-col-100 elementor-top-column elementor-element elementor-element-22cce98\" data-id=\"22cce98\" data-element_type=\"column\" data-e-type=\"column\">\n\t\t\t<div class=\"elementor-widget-wrap elementor-element-populated\">\n\t\t\t\t\t\t<div class=\"elementor-element elementor-element-f35f4fb elementor-widget elementor-widget-isermons\" data-id=\"f35f4fb\" data-element_type=\"widget\" data-e-type=\"widget\" data-widget_type=\"isermons.default\">\n\t\t\t\t<div class=\"elementor-widget-container\">\n\t\t\t\t\t<div class=\"isermons-list-view\" data-shortcode=\"{&quot;layout&quot;:&quot;classic&quot;,&quot;ss&quot;:&quot;&quot;,&quot;years&quot;:&quot;&quot;,&quot;orderby&quot;:&quot;date&quot;,&quot;order&quot;:&quot;DESC&quot;,&quot;search&quot;:&quot;keyword,year,order&quot;,&quot;filters&quot;:&quot;&quot;,&quot;filters_operator&quot;:&quot;&quot;,&quot;columns&quot;:&quot;&quot;,&quot;meta_data&quot;:&quot;date,series,video,audio&quot;,&quot;relation&quot;:&quot;categories&quot;,&quot;pagination&quot;:&quot;yes&quot;,&quot;imi_isermons-categories&quot;:&quot;&quot;,&quot;imi_isermons-series&quot;:&quot;&quot;,&quot;imi_isermons-books&quot;:&quot;&quot;,&quot;imi_isermons-topics&quot;:&quot;&quot;,&quot;imi_isermons-preachers&quot;:&quot;&quot;,&quot;tabs&quot;:&quot;search&quot;,&quot;source&quot;:&quot;&quot;,&quot;redirect&quot;:&quot;yes&quot;,&quot;image&quot;:&quot;full&quot;,&quot;hover&quot;:&quot;enable&quot;,&quot;watch&quot;:&quot;Assista&quot;,&quot;listen&quot;:&quot;Ou\\u00e7a&quot;,&quot;details&quot;:&quot;Veja mais&quot;,&quot;per_page&quot;:&quot;4&quot;}\"><div class=\"isermons isermons-tabs isermons-filter-tabs\"><!--\nThis template is to use for showing filters of keyword search, date and order of sermons.\n**\nThis template can be overridden by copying it to yourtheme\/templates\/filters\/filter-search.php.\n-->\n<input name=\"tabs\" type=\"radio\" value=\"search\" id=\"isermons-tabs-tab1\" checked class=\"isermons-tabs-input\">\n\t<label for=\"isermons-tabs-tab1\" class=\"isermons-tabs-label\">Pesquisar<\/label>\n\t<div class=\"isermons-tabs-panel\">\n\t\t<div class=\"isermons-filters-sorting clearfix\">\n\t\t\t<ul>\n                \t\t\t\t\t<li>\n\t\t\t\t\t\t<div class=\"isermons-filter-search clearfix\">\n\t\t\t\t\t\t\t<input class=\"\" value=\"\" type=\"text\" placeholder=\"Pesquisar\">\n\t\t\t\t\t\t\t<button class=\"isermons-filter-sermons-search isermons-btn isermons-btn-primary\" data-attr=\"ss\"><i class=\"isermons-icon-magnifier\"><\/i><\/button>\n\t\t\t\t\t\t<\/div>\n\t\t\t\t\t<\/li>\n\t\t\t\t\t\t\t\t\t\t<li>\n\t\t\t\t\t\t<select class=\"isermons-filter-sermons\" data-attr=\"order\">\n\t\t\t\t\t\t\t<option selected value=\"DESC\">Do mais novo para o mais antigo<\/option>\n\t\t\t\t\t\t\t<option  value=\"ASC\">Do mais antigo para o mais novo<\/option>\n\t\t\t\t\t\t<\/select>\n\t\t\t\t\t<\/li>\n\t\t\t\t\t\t\t\t<\/ul>\n\t\t<\/div>\n\t<\/div><\/div><div class=\"isermons-sermon-result\" data-shortcode=\"{&quot;layout&quot;:&quot;classic&quot;,&quot;ss&quot;:&quot;&quot;,&quot;years&quot;:&quot;&quot;,&quot;orderby&quot;:&quot;date&quot;,&quot;order&quot;:&quot;DESC&quot;,&quot;search&quot;:&quot;keyword,year,order&quot;,&quot;filters&quot;:&quot;&quot;,&quot;filters_operator&quot;:&quot;&quot;,&quot;columns&quot;:&quot;&quot;,&quot;meta_data&quot;:&quot;date,series,video,audio&quot;,&quot;relation&quot;:&quot;categories&quot;,&quot;pagination&quot;:&quot;yes&quot;,&quot;imi_isermons-categories&quot;:&quot;&quot;,&quot;imi_isermons-series&quot;:&quot;&quot;,&quot;imi_isermons-books&quot;:&quot;&quot;,&quot;imi_isermons-topics&quot;:&quot;&quot;,&quot;imi_isermons-preachers&quot;:&quot;&quot;,&quot;tabs&quot;:&quot;search&quot;,&quot;source&quot;:&quot;&quot;,&quot;redirect&quot;:&quot;yes&quot;,&quot;image&quot;:&quot;full&quot;,&quot;hover&quot;:&quot;enable&quot;,&quot;watch&quot;:&quot;Assista&quot;,&quot;listen&quot;:&quot;Ou\\u00e7a&quot;,&quot;details&quot;:&quot;Veja mais&quot;,&quot;per_page&quot;:&quot;4&quot;}\"><!--\nThis template is to use for showing sermons list in classic layout.\n**\nThis template can be overridden by copying it to yourtheme\/templates\/sermons\/list-classic.php.\n-->\n<div class=\"isermons isermons-sermons-list isermons-list isermons-listings-view\">\n\t\t\t<ul>\n                \t\t\t\t<li class=\"isermons-list-item isermons-sermons-list-item\">\n\t\t\t\t\t<div>\n\t\t\t\t\t\t<div class=\"isermons-media isermons-hover-video\">\n\t\t\t\t\t\t\t<a href=\"https:\/\/igrejafamilialimeira.com.br\/site\/imi_sermon\/a-decisao-e-sua-o-perigo-de-desperdicar-um-chamado-divino\/\" class=\"isermons-media-box\">\n\t\t\t\t\t\t\t\t<img decoding=\"async\" src=\"https:\/\/i0.wp.com\/igrejafamilialimeira.com.br\/site\/wp-content\/uploads\/2026\/02\/1.jpg?fit=1920%2C1080&amp;ssl=1\" class=\"attachment-full size-full wp-post-image\" alt=\"\" srcset=\"https:\/\/i0.wp.com\/igrejafamilialimeira.com.br\/site\/wp-content\/uploads\/2026\/02\/1.jpg?w=1920&amp;ssl=1 1920w, https:\/\/i0.wp.com\/igrejafamilialimeira.com.br\/site\/wp-content\/uploads\/2026\/02\/1.jpg?resize=300%2C169&amp;ssl=1 300w, https:\/\/i0.wp.com\/igrejafamilialimeira.com.br\/site\/wp-content\/uploads\/2026\/02\/1.jpg?resize=1024%2C576&amp;ssl=1 1024w, https:\/\/i0.wp.com\/igrejafamilialimeira.com.br\/site\/wp-content\/uploads\/2026\/02\/1.jpg?resize=768%2C432&amp;ssl=1 768w, https:\/\/i0.wp.com\/igrejafamilialimeira.com.br\/site\/wp-content\/uploads\/2026\/02\/1.jpg?resize=1536%2C864&amp;ssl=1 1536w, https:\/\/i0.wp.com\/igrejafamilialimeira.com.br\/site\/wp-content\/uploads\/2026\/02\/1.jpg?resize=958%2C539&amp;ssl=1 958w, https:\/\/i0.wp.com\/igrejafamilialimeira.com.br\/site\/wp-content\/uploads\/2026\/02\/1.jpg?w=1360&amp;ssl=1 1360w\" sizes=\"(max-width: 680px) 100vw, 680px\" \/>\t\t\t\t\t\t\t\t\n\t\t\t\t\t\t\t<\/a>\n\t\t\t\t\t\t<\/div>\n\t\t\t\t\t<\/div>\n\t\t\t\t\t<div>\n\t\t\t\t\t\t<div class=\"isermons-list-item-in\">\n\t\t\t\t\t\t\t<div class=\"isermons-sermon-item-header\">\n\t\t\t\t\t\t\t\t<div class=\"isermons-modal-static isermons-modal-fw isermons-modal-av\" id=\"isermons-video-modal3669\">\n                <div class=\"isermons-modal-body\"><a href=\"#\" class=\"isermons-modal-close\">x<\/a><div class=\"plyr-player\" data-plyr-provider=\"youtube\" data-plyr-embed-id=\"SDEAshZxWKs\"><\/div>\n                <\/div>\n        <\/div><div class=\"isermons-modal-static isermons-modal-fw isermons-modal-av\" id=\"isermons-audio-modal3669\">\n                <div class=\"isermons-modal-body\"><a href=\"#\" class=\"isermons-modal-close\">x<\/a>\n\t\t\t\t<audio class=\"plyr-player\" controls>\n\t\t\t\t\t<source src=\"https:\/\/igrejafamilialimeira.com.br\/site\/wp-content\/uploads\/2026\/02\/MENSAGEM-01.02.26.mp3\" type=\"audio\/mp3\">\n\t\t\t\t<\/audio><\/div>\n\t\t<\/div>\n\t\t\t\t\t\t\t\t<div>\n\t\t\t\t\t\t\t\t\t<h4 class=\"series-title\"><a href=\"https:\/\/igrejafamilialimeira.com.br\/site\/imi_sermon\/a-decisao-e-sua-o-perigo-de-desperdicar-um-chamado-divino\/\">A Decis\u00e3o \u00e9 Sua: O Perigo de Desperdi\u00e7ar um Chamado Divino<\/a><\/h4>\n\t\t\t\t\t\t\t\t\t\n    <div class=\"isermons-meta-data\"><div class=\"isermons-meta isermons-meta-date\"><i class=\"isermons-icon-calendar\"><\/i> 3 de fevereiro de 2026<\/div>\n\t<\/div>\n    \t\t\t\t\t\t\t\t<\/div>\n\t\t\t\t\t\t\t\t\n    <div class=\"isermons-sermon-actions\">\n\t\t<ul>\n            <li class=\"isermons-pl-video isermons-pl-va\"><a href=\"#isermons-video-modal3669\" class=\"isermons-tip-top-left isermons-tip-rounded\" tooltip-label=\"Play Video\"><i class=\"isermons-icon-social-youtube\"><\/i><\/a><\/li>\n            \n            <li class=\"isermons-pl-audio isermons-pl-va\"><a href=\"#isermons-audio-modal3669\" class=\"isermons-tip-top-left isermons-tip-rounded\" tooltip-label=\"Play Audio\"><i class=\"isermons-icon-microphone\"><\/i><\/a><\/li>\n            \t\n\t\t<\/ul>\n\t<\/div>\n    \t\t\t\t\t\t\t<\/div>\n\t\t\t\t\t\t\t<div class=\"isermons-excerpt\"><p>A hist\u00f3ria de Sans\u00e3o, contada no livro de Ju\u00edzes, ilustra como decis\u00f5es impulsivas podem desviar de um prop\u00f3sito divino. Escolhido por Deus para libertar Israel, Sans\u00e3o falhou ao ignorar sua alian\u00e7a, optando por impulsos pessoais. Sua trajet\u00f3ria ensina que a verdadeira for\u00e7a reside em obedecer a Deus, n\u00e3o em talentos.<\/p>\n<\/div>\n\t\t\t\t\t\t\t\t\t\t\t\t\t\t\n\t\t\t\t\t\t\t<a href=\"https:\/\/igrejafamilialimeira.com.br\/site\/imi_sermon\/a-decisao-e-sua-o-perigo-de-desperdicar-um-chamado-divino\/\" class=\"isermons-btn isermons-btn-primary isermons-btn-play\">\n\t\t\t\t\t\t\t\tAssista\t\t\t\t\t\t\t<\/a>\n\t\t\t\t\t\t<\/div>\n\t\t\t\t\t<\/div>\n\t\t\t\t<\/li>\n                \t\t\t\t<li class=\"isermons-list-item isermons-sermons-list-item\">\n\t\t\t\t\t<div>\n\t\t\t\t\t\t<div class=\"isermons-media isermons-hover-video\">\n\t\t\t\t\t\t\t<a href=\"https:\/\/igrejafamilialimeira.com.br\/site\/imi_sermon\/quem-disse-que-e-hora-de-parar-a-forca-para-continuar-no-chamado\/\" class=\"isermons-media-box\">\n\t\t\t\t\t\t\t\t<img decoding=\"async\" src=\"https:\/\/i0.wp.com\/igrejafamilialimeira.com.br\/site\/wp-content\/uploads\/2026\/01\/NAO-PARE.jpg?fit=1920%2C1080&amp;ssl=1\" class=\"attachment-full size-full wp-post-image\" alt=\"\" srcset=\"https:\/\/i0.wp.com\/igrejafamilialimeira.com.br\/site\/wp-content\/uploads\/2026\/01\/NAO-PARE.jpg?w=1920&amp;ssl=1 1920w, https:\/\/i0.wp.com\/igrejafamilialimeira.com.br\/site\/wp-content\/uploads\/2026\/01\/NAO-PARE.jpg?resize=300%2C169&amp;ssl=1 300w, https:\/\/i0.wp.com\/igrejafamilialimeira.com.br\/site\/wp-content\/uploads\/2026\/01\/NAO-PARE.jpg?resize=1024%2C576&amp;ssl=1 1024w, https:\/\/i0.wp.com\/igrejafamilialimeira.com.br\/site\/wp-content\/uploads\/2026\/01\/NAO-PARE.jpg?resize=768%2C432&amp;ssl=1 768w, https:\/\/i0.wp.com\/igrejafamilialimeira.com.br\/site\/wp-content\/uploads\/2026\/01\/NAO-PARE.jpg?resize=1536%2C864&amp;ssl=1 1536w, https:\/\/i0.wp.com\/igrejafamilialimeira.com.br\/site\/wp-content\/uploads\/2026\/01\/NAO-PARE.jpg?resize=958%2C539&amp;ssl=1 958w, https:\/\/i0.wp.com\/igrejafamilialimeira.com.br\/site\/wp-content\/uploads\/2026\/01\/NAO-PARE.jpg?w=1360&amp;ssl=1 1360w\" sizes=\"(max-width: 680px) 100vw, 680px\" \/>\t\t\t\t\t\t\t\t\n\t\t\t\t\t\t\t<\/a>\n\t\t\t\t\t\t<\/div>\n\t\t\t\t\t<\/div>\n\t\t\t\t\t<div>\n\t\t\t\t\t\t<div class=\"isermons-list-item-in\">\n\t\t\t\t\t\t\t<div class=\"isermons-sermon-item-header\">\n\t\t\t\t\t\t\t\t<div class=\"isermons-modal-static isermons-modal-fw isermons-modal-av\" id=\"isermons-video-modal3664\">\n                <div class=\"isermons-modal-body\"><a href=\"#\" class=\"isermons-modal-close\">x<\/a><div class=\"plyr-player\" data-plyr-provider=\"youtube\" data-plyr-embed-id=\"39yGp1eFSac\"><\/div>\n                <\/div>\n        <\/div><div class=\"isermons-modal-static isermons-modal-fw isermons-modal-av\" id=\"isermons-audio-modal3664\">\n                <div class=\"isermons-modal-body\"><a href=\"#\" class=\"isermons-modal-close\">x<\/a>\n\t\t\t\t<audio class=\"plyr-player\" controls>\n\t\t\t\t\t<source src=\"https:\/\/igrejafamilialimeira.com.br\/site\/wp-content\/uploads\/2026\/01\/MENSAGEM.mp3\" type=\"audio\/mp3\">\n\t\t\t\t<\/audio><\/div>\n\t\t<\/div>\n\t\t\t\t\t\t\t\t<div>\n\t\t\t\t\t\t\t\t\t<h4 class=\"series-title\"><a href=\"https:\/\/igrejafamilialimeira.com.br\/site\/imi_sermon\/quem-disse-que-e-hora-de-parar-a-forca-para-continuar-no-chamado\/\">Quem Disse Que \u00c9 Hora de Parar? A For\u00e7a para Continuar no Chamado<\/a><\/h4>\n\t\t\t\t\t\t\t\t\t\n    <div class=\"isermons-meta-data\"><div class=\"isermons-meta isermons-meta-date\"><i class=\"isermons-icon-calendar\"><\/i> 27 de janeiro de 2026<\/div>\n\t<\/div>\n    \t\t\t\t\t\t\t\t<\/div>\n\t\t\t\t\t\t\t\t\n    <div class=\"isermons-sermon-actions\">\n\t\t<ul>\n            <li class=\"isermons-pl-video isermons-pl-va\"><a href=\"#isermons-video-modal3664\" class=\"isermons-tip-top-left isermons-tip-rounded\" tooltip-label=\"Play Video\"><i class=\"isermons-icon-social-youtube\"><\/i><\/a><\/li>\n            \n            <li class=\"isermons-pl-audio isermons-pl-va\"><a href=\"#isermons-audio-modal3664\" class=\"isermons-tip-top-left isermons-tip-rounded\" tooltip-label=\"Play Audio\"><i class=\"isermons-icon-microphone\"><\/i><\/a><\/li>\n            \t\n\t\t<\/ul>\n\t<\/div>\n    \t\t\t\t\t\t\t<\/div>\n\t\t\t\t\t\t\t<div class=\"isermons-excerpt\"><p>Em tempos de cansa\u00e7o e frustra\u00e7\u00e3o na jornada de f\u00e9, \u00e9 crucial discernir que o desgaste pode ser espiritual, levando a decis\u00f5es prejudiciais. Neemias exemplifica foco e perseveran\u00e7a diante da oposi\u00e7\u00e3o. A renova\u00e7\u00e3o di\u00e1ria em Cristo nos fortalece, lembrando que n\u00e3o devemos desanimar, pois a promessa \u00e9 de vit\u00f3ria.<\/p>\n<\/div>\n\t\t\t\t\t\t\t\t\t\t\t\t\t\t\n\t\t\t\t\t\t\t<a href=\"https:\/\/igrejafamilialimeira.com.br\/site\/imi_sermon\/quem-disse-que-e-hora-de-parar-a-forca-para-continuar-no-chamado\/\" class=\"isermons-btn isermons-btn-primary isermons-btn-play\">\n\t\t\t\t\t\t\t\tAssista\t\t\t\t\t\t\t<\/a>\n\t\t\t\t\t\t<\/div>\n\t\t\t\t\t<\/div>\n\t\t\t\t<\/li>\n                \t\t\t\t<li class=\"isermons-list-item isermons-sermons-list-item\">\n\t\t\t\t\t<div>\n\t\t\t\t\t\t<div class=\"isermons-media isermons-hover-video\">\n\t\t\t\t\t\t\t<a href=\"https:\/\/igrejafamilialimeira.com.br\/site\/imi_sermon\/a-fe-que-move-o-reino-em-nosso-favor\/\" class=\"isermons-media-box\">\n\t\t\t\t\t\t\t\t<img decoding=\"async\" src=\"https:\/\/i0.wp.com\/igrejafamilialimeira.com.br\/site\/wp-content\/uploads\/2026\/01\/MENSAGEM.jpg?fit=1920%2C1080&amp;ssl=1\" class=\"attachment-full size-full wp-post-image\" alt=\"\" srcset=\"https:\/\/i0.wp.com\/igrejafamilialimeira.com.br\/site\/wp-content\/uploads\/2026\/01\/MENSAGEM.jpg?w=1920&amp;ssl=1 1920w, https:\/\/i0.wp.com\/igrejafamilialimeira.com.br\/site\/wp-content\/uploads\/2026\/01\/MENSAGEM.jpg?resize=300%2C169&amp;ssl=1 300w, https:\/\/i0.wp.com\/igrejafamilialimeira.com.br\/site\/wp-content\/uploads\/2026\/01\/MENSAGEM.jpg?resize=1024%2C576&amp;ssl=1 1024w, https:\/\/i0.wp.com\/igrejafamilialimeira.com.br\/site\/wp-content\/uploads\/2026\/01\/MENSAGEM.jpg?resize=768%2C432&amp;ssl=1 768w, https:\/\/i0.wp.com\/igrejafamilialimeira.com.br\/site\/wp-content\/uploads\/2026\/01\/MENSAGEM.jpg?resize=1536%2C864&amp;ssl=1 1536w, https:\/\/i0.wp.com\/igrejafamilialimeira.com.br\/site\/wp-content\/uploads\/2026\/01\/MENSAGEM.jpg?resize=958%2C539&amp;ssl=1 958w, https:\/\/i0.wp.com\/igrejafamilialimeira.com.br\/site\/wp-content\/uploads\/2026\/01\/MENSAGEM.jpg?w=1360&amp;ssl=1 1360w\" sizes=\"(max-width: 680px) 100vw, 680px\" \/>\t\t\t\t\t\t\t\t\n\t\t\t\t\t\t\t<\/a>\n\t\t\t\t\t\t<\/div>\n\t\t\t\t\t<\/div>\n\t\t\t\t\t<div>\n\t\t\t\t\t\t<div class=\"isermons-list-item-in\">\n\t\t\t\t\t\t\t<div class=\"isermons-sermon-item-header\">\n\t\t\t\t\t\t\t\t<div class=\"isermons-modal-static isermons-modal-fw isermons-modal-av\" id=\"isermons-video-modal3658\">\n                <div class=\"isermons-modal-body\"><a href=\"#\" class=\"isermons-modal-close\">x<\/a><div class=\"plyr-player\" data-plyr-provider=\"youtube\" data-plyr-embed-id=\"3vn_gOK7Kao\"><\/div>\n                <\/div>\n        <\/div>\n\t\t\t\t\t\t\t\t<div>\n\t\t\t\t\t\t\t\t\t<h4 class=\"series-title\"><a href=\"https:\/\/igrejafamilialimeira.com.br\/site\/imi_sermon\/a-fe-que-move-o-reino-em-nosso-favor\/\">A f\u00e9 que move o Reino em nosso favor<\/a><\/h4>\n\t\t\t\t\t\t\t\t\t\n    <div class=\"isermons-meta-data\"><div class=\"isermons-meta isermons-meta-date\"><i class=\"isermons-icon-calendar\"><\/i> 20 de janeiro de 2026<\/div>\n\t<\/div>\n    \t\t\t\t\t\t\t\t<\/div>\n\t\t\t\t\t\t\t\t\n    <div class=\"isermons-sermon-actions\">\n\t\t<ul>\n            <li class=\"isermons-pl-video isermons-pl-va\"><a href=\"#isermons-video-modal3658\" class=\"isermons-tip-top-left isermons-tip-rounded\" tooltip-label=\"Play Video\"><i class=\"isermons-icon-social-youtube\"><\/i><\/a><\/li>\n            \t\n\t\t<\/ul>\n\t<\/div>\n    \t\t\t\t\t\t\t<\/div>\n\t\t\t\t\t\t\t<div class=\"isermons-excerpt\"><p>No culto deste domingo, fomos conduzidos a refletir sobre uma f\u00e9 real, sincera e poss\u00edvel. N\u00e3o uma f\u00e9 perfeita, mas uma f\u00e9 que se apresenta [&hellip;]<\/p>\n<\/div>\n\t\t\t\t\t\t\t\t\t\t\t\t\t\t\n\t\t\t\t\t\t\t<a href=\"https:\/\/igrejafamilialimeira.com.br\/site\/imi_sermon\/a-fe-que-move-o-reino-em-nosso-favor\/\" class=\"isermons-btn isermons-btn-primary isermons-btn-play\">\n\t\t\t\t\t\t\t\tAssista\t\t\t\t\t\t\t<\/a>\n\t\t\t\t\t\t<\/div>\n\t\t\t\t\t<\/div>\n\t\t\t\t<\/li>\n                \t\t\t\t<li class=\"isermons-list-item isermons-sermons-list-item\">\n\t\t\t\t\t<div>\n\t\t\t\t\t\t<div class=\"isermons-media isermons-hover-video\">\n\t\t\t\t\t\t\t<a href=\"https:\/\/igrejafamilialimeira.com.br\/site\/imi_sermon\/estar-no-lugar-certo-e-na-hora-certa\/\" class=\"isermons-media-box\">\n\t\t\t\t\t\t\t\t<img decoding=\"async\" src=\"https:\/\/i0.wp.com\/igrejafamilialimeira.com.br\/site\/wp-content\/uploads\/2025\/11\/O-LUGAR-CERTO-NA-HORA-CERTA.jpg?fit=1920%2C1080&amp;ssl=1\" class=\"attachment-full size-full wp-post-image\" alt=\"\" srcset=\"https:\/\/i0.wp.com\/igrejafamilialimeira.com.br\/site\/wp-content\/uploads\/2025\/11\/O-LUGAR-CERTO-NA-HORA-CERTA.jpg?w=1920&amp;ssl=1 1920w, https:\/\/i0.wp.com\/igrejafamilialimeira.com.br\/site\/wp-content\/uploads\/2025\/11\/O-LUGAR-CERTO-NA-HORA-CERTA.jpg?resize=300%2C169&amp;ssl=1 300w, https:\/\/i0.wp.com\/igrejafamilialimeira.com.br\/site\/wp-content\/uploads\/2025\/11\/O-LUGAR-CERTO-NA-HORA-CERTA.jpg?resize=1024%2C576&amp;ssl=1 1024w, https:\/\/i0.wp.com\/igrejafamilialimeira.com.br\/site\/wp-content\/uploads\/2025\/11\/O-LUGAR-CERTO-NA-HORA-CERTA.jpg?resize=768%2C432&amp;ssl=1 768w, https:\/\/i0.wp.com\/igrejafamilialimeira.com.br\/site\/wp-content\/uploads\/2025\/11\/O-LUGAR-CERTO-NA-HORA-CERTA.jpg?resize=1536%2C864&amp;ssl=1 1536w, https:\/\/i0.wp.com\/igrejafamilialimeira.com.br\/site\/wp-content\/uploads\/2025\/11\/O-LUGAR-CERTO-NA-HORA-CERTA.jpg?resize=958%2C539&amp;ssl=1 958w, https:\/\/i0.wp.com\/igrejafamilialimeira.com.br\/site\/wp-content\/uploads\/2025\/11\/O-LUGAR-CERTO-NA-HORA-CERTA.jpg?w=1360&amp;ssl=1 1360w\" sizes=\"(max-width: 680px) 100vw, 680px\" \/>\t\t\t\t\t\t\t\t\n\t\t\t\t\t\t\t<\/a>\n\t\t\t\t\t\t<\/div>\n\t\t\t\t\t<\/div>\n\t\t\t\t\t<div>\n\t\t\t\t\t\t<div class=\"isermons-list-item-in\">\n\t\t\t\t\t\t\t<div class=\"isermons-sermon-item-header\">\n\t\t\t\t\t\t\t\t<div class=\"isermons-modal-static isermons-modal-fw isermons-modal-av\" id=\"isermons-video-modal3632\">\n                <div class=\"isermons-modal-body\"><a href=\"#\" class=\"isermons-modal-close\">x<\/a><div class=\"plyr-player\" data-plyr-provider=\"youtube\" data-plyr-embed-id=\"uqWiRS9O-Cg\"><\/div>\n                <\/div>\n        <\/div><div class=\"isermons-modal-static isermons-modal-fw isermons-modal-av\" id=\"isermons-audio-modal3632\">\n                <div class=\"isermons-modal-body\"><a href=\"#\" class=\"isermons-modal-close\">x<\/a>\n\t\t\t\t<audio class=\"plyr-player\" controls>\n\t\t\t\t\t<source src=\"https:\/\/igrejafamilialimeira.com.br\/site\/wp-content\/uploads\/2025\/11\/mensagem-26.10.25.mp3\" type=\"audio\/mp3\">\n\t\t\t\t<\/audio><\/div>\n\t\t<\/div>\n\t\t\t\t\t\t\t\t<div>\n\t\t\t\t\t\t\t\t\t<h4 class=\"series-title\"><a href=\"https:\/\/igrejafamilialimeira.com.br\/site\/imi_sermon\/estar-no-lugar-certo-e-na-hora-certa\/\">Estar no Lugar Certo e na Hora Certa<\/a><\/h4>\n\t\t\t\t\t\t\t\t\t\n    <div class=\"isermons-meta-data\"><div class=\"isermons-meta isermons-meta-date\"><i class=\"isermons-icon-calendar\"><\/i> 4 de novembro de 2025<\/div>\n\t<\/div>\n    \t\t\t\t\t\t\t\t<\/div>\n\t\t\t\t\t\t\t\t\n    <div class=\"isermons-sermon-actions\">\n\t\t<ul>\n            <li class=\"isermons-pl-video isermons-pl-va\"><a href=\"#isermons-video-modal3632\" class=\"isermons-tip-top-left isermons-tip-rounded\" tooltip-label=\"Play Video\"><i class=\"isermons-icon-social-youtube\"><\/i><\/a><\/li>\n            \n            <li class=\"isermons-pl-audio isermons-pl-va\"><a href=\"#isermons-audio-modal3632\" class=\"isermons-tip-top-left isermons-tip-rounded\" tooltip-label=\"Play Audio\"><i class=\"isermons-icon-microphone\"><\/i><\/a><\/li>\n            \t\n\t\t<\/ul>\n\t<\/div>\n    \t\t\t\t\t\t\t<\/div>\n\t\t\t\t\t\t\t<div class=\"isermons-excerpt\"><p>O culto foi marcado por uma palavra inspiradora ministrada pelo Pr. Airton, que nos levou a refletir sobre a import\u00e2ncia de estar no lugar certo [&hellip;]<\/p>\n<\/div>\n\t\t\t\t\t\t\t\t\t\t\t\t\t\t\n\t\t\t\t\t\t\t<a href=\"https:\/\/igrejafamilialimeira.com.br\/site\/imi_sermon\/estar-no-lugar-certo-e-na-hora-certa\/\" class=\"isermons-btn isermons-btn-primary isermons-btn-play\">\n\t\t\t\t\t\t\t\tAssista\t\t\t\t\t\t\t<\/a>\n\t\t\t\t\t\t<\/div>\n\t\t\t\t\t<\/div>\n\t\t\t\t<\/li>\n                            <\/ul>\n<\/div>\n<!--\nThis template is used to add bible verse retagger script\n-->\n<\/div><div class=\"isermons-pagination\">\n\t<nav class=\"navigation pagination\" aria-label=\"Pagina\u00e7\u00e3o de posts\">\n\t\t<h2 class=\"screen-reader-text\">Pagina\u00e7\u00e3o de posts<\/h2>\n\t\t<div class=\"nav-links\"><span aria-current=\"page\" class=\"page-numbers current\">1<\/span>\n<a class=\"page-numbers\" href=\"https:\/\/igrejafamilialimeira.com.br\/site\/wp-json\/wp\/v2\/pages\/2778\/page\/2\/\">2<\/a>\n<span class=\"page-numbers dots\">&hellip;<\/span>\n<a class=\"page-numbers\" href=\"https:\/\/igrejafamilialimeira.com.br\/site\/wp-json\/wp\/v2\/pages\/2778\/page\/17\/\">17<\/a>\n<a class=\"next page-numbers\" href=\"https:\/\/igrejafamilialimeira.com.br\/site\/wp-json\/wp\/v2\/pages\/2778\/page\/2\/\">Pr\u00f3ximo<\/a><\/div>\n\t<\/nav><\/div><\/div>\t\t\t\t<\/div>\n\t\t\t\t<\/div>\n\t\t\t\t\t<\/div>\n\t\t<\/div>\n\t\t\t\t\t<\/div>\n\t\t<\/section>\n\t\t\t\t<\/div>\n\t\t","protected":false},"excerpt":{"rendered":"<p>Pesquisar Do mais novo para o mais antigoDo mais antigo para o mais novo x x A igreja e o arrebatamento 31 de janeiro de [&hellip;]<\/p>\n","protected":false},"author":1,"featured_media":0,"parent":0,"menu_order":0,"comment_status":"closed","ping_status":"closed","template":"","meta":{"advanced_seo_description":"","jetpack_seo_html_title":"","jetpack_seo_noindex":false,"footnotes":""},"class_list":["post-2778","page","type-page","status-publish","hentry"],"jetpack_sharing_enabled":true,"jetpack-related-posts":[],"jetpack_shortlink":"https:\/\/wp.me\/PgkQBV-IO","_links":{"self":[{"href":"https:\/\/igrejafamilialimeira.com.br\/site\/wp-json\/wp\/v2\/pages\/2778","targetHints":{"allow":["GET"]}}],"collection":[{"href":"https:\/\/igrejafamilialimeira.com.br\/site\/wp-json\/wp\/v2\/pages"}],"about":[{"href":"https:\/\/igrejafamilialimeira.com.br\/site\/wp-json\/wp\/v2\/types\/page"}],"author":[{"embeddable":true,"href":"https:\/\/igrejafamilialimeira.com.br\/site\/wp-json\/wp\/v2\/users\/1"}],"replies":[{"embeddable":true,"href":"https:\/\/igrejafamilialimeira.com.br\/site\/wp-json\/wp\/v2\/comments?post=2778"}],"version-history":[{"count":0,"href":"https:\/\/igrejafamilialimeira.com.br\/site\/wp-json\/wp\/v2\/pages\/2778\/revisions"}],"wp:attachment":[{"href":"https:\/\/igrejafamilialimeira.com.br\/site\/wp-json\/wp\/v2\/media?parent=2778"}],"curies":[{"name":"wp","href":"https:\/\/api.w.org\/{rel}","templated":true}]}}